{"id":14,"date":"2025-09-10T09:45:54","date_gmt":"2025-09-10T09:45:54","guid":{"rendered":"https:\/\/moming.familiehofer.ch\/?page_id=14"},"modified":"2025-10-05T13:46:49","modified_gmt":"2025-10-05T13:46:49","slug":"chalet-moming","status":"publish","type":"page","link":"https:\/\/moming.familiehofer.ch\/?page_id=14","title":{"rendered":"Chalet Moming"},"content":{"rendered":"\n<h3 class=\"wp-block-heading\"><strong>Hinweise zur Ben\u00fctzung des Chalet Moming<\/strong><\/h3>\n\n\n\n<h3 class=\"wp-block-heading\"><strong>Zimmer<\/strong><\/h3>\n\n\n\n<p>Schlafzimmer Links: 1 Doppelbett, 2 Personen<br>Schlafzimmer Mitte: 1 Etagenbett, 2 Einzelbetten, 4 Personen<br>Schlafzimmer G\u00e4ste: 1 Doppelbett, 2 Personen<br>Schhafzimmer Schweizerst\u00fcbli: 1 Etagenbett, 2 Personen<br>Schlafzimmer Keller: 2 Etagenbetten, 1 Einzelbett, 5 Personen<\/p>\n\n\n\n<h3 class=\"wp-block-heading\"><strong>Heizung<\/strong><\/h3>\n\n\n\n<p>Die Heizung wird via App von Kathrin Kappeler oder Marcel Hofer aufgeschaltet und wieder abgeschaltet. Bitte die Regulierung der einzelnen R\u00e4ume mit den Ventilen der einzelnen Radiatoren regeln.<\/p>\n\n\n\n<h3 class=\"wp-block-heading\"><strong>K\u00fchlschrank<\/strong><\/h3>\n\n\n\n<p>Der K\u00fchlschrank darf&nbsp;<strong>NIE&nbsp;<\/strong>abgestellt werden, da der Gefrierschrank mit dem K\u00fchlschrank zusammen l\u00e4uft.<\/p>\n\n\n\n<h3 class=\"wp-block-heading\"><strong>Vorr\u00e4te<\/strong><\/h3>\n\n\n\n<p>Bitte die Vorr\u00e4te gebrauchen die vorhanden sind, so dass wir nicht pl\u00f6tzlich 7 angefangene \u00d6lflaschen haben. Geht ein Vorrat zur Neige, bitte ersetzen. Bitte auch f\u00fcr einen Vorrat an WC-Papier besorgt sein (ist im Schrank unter den Lavabos im Badezimmer im oberen Stock deponiert). Dito auch f\u00fcr Waschpulver.<\/p>\n\n\n\n<h3 class=\"wp-block-heading\"><strong>Wein<\/strong><\/h3>\n\n\n\n<p>Im Keller gibt\u2019s guten Wein. Die Flasche kostet Fr. 15.00 \u2013 20.00, am Gestell angeschrieben. Bitte eine Abrechnung an Krista Kappeler senden und mit der Miete einbezahlen.<\/p>\n\n\n\n<h3 class=\"wp-block-heading\"><strong>Verg\u00fcnstigungen mit dem \u201ePass Anniviers Libert\u00e9\u201c<\/strong><\/h3>\n\n\n\n<p>W\u00e4hrend der Sommersaison verf\u00fcgen wir \u00fcber 8 \u201ePass Anniviers Libert\u00e9\u201c, die befinden sich in der \u201eHausbar\u201c. Damit bestehen viele Verg\u00fcnstigungen f\u00fcr Postauto und Bergbahnen im ganzen Val d\u2019Anniviers. Bitte die Karten nach Gebrauch wieder in die Hausbar zur\u00fccklegen f\u00fcr die n\u00e4chsten Besucher.<br>Die Karten werden aus den Kurtaxen finanziert, die wir pauschal mit der Gemeinde abrechnen.<\/p>\n\n\n\n<h3 class=\"wp-block-heading\"><strong>WebSite<\/strong><\/h3>\n\n\n\n<p>Unsere Websiteadresse lautet:&nbsp;<a href=\"http:\/\/moming.familiehofer.ch\/\">moming.familiehofer.ch<\/a><\/p>\n\n\n\n<h3 class=\"wp-block-heading\"><strong>Briefkasten<\/strong><\/h3>\n\n\n\n<p>Nr. 360 ist ca. 300m Richtung Dorf platziert. Der Schl\u00fcssel h\u00e4ngt beim Eingang hinter der T\u00fcre.<\/p>\n\n\n\n<h3 class=\"wp-block-heading\"><strong>Rauchen<\/strong><\/h3>\n\n\n\n<p>Im Chalet ist rauchen verboten, auf dem Balkon darf geraucht werden.<\/p>\n\n\n\n<h3 class=\"wp-block-heading\"><strong>W\u00e4sche<\/strong><\/h3>\n\n\n\n<p>Bettw\u00e4sche, Bade- und K\u00fcchent\u00fccher stehen im Chalet zur Verf\u00fcgung. Im Keller steht eine Waschmaschine. Bitte die benutzten Bett-, Bade- und K\u00fcchent\u00fccher am Ende des Ferienaufenthaltes waschen und aufh\u00e4ngen (T\u00fcre offen lassen) oder waschen lassen. Sofern nur wenige T\u00fccher zu waschen sind, diese in den Plastikkorb legen.<\/p>\n\n\n\n<h3 class=\"wp-block-heading\"><strong>Chemin\u00e9e<\/strong><\/h3>\n\n\n\n<p>Chemin\u00e9eholz im Keller unter dem Coucou.<br><strong>Bitte vor Abreise die Asche aus dem Kamin entfernen. Bitte f\u00fcr die Ascheentfernung nicht den Staubsauger verwenden \u2013 das f\u00fchrt zu einem Staubsaugerdefekt<\/strong>.<\/p>\n\n\n\n<h3 class=\"wp-block-heading\"><strong>Schlussreinigung<\/strong><\/h3>\n\n\n\n<p>Wir bitten das Chalet gereinigt zu hinterlassen. Wer nicht selber reinigen will, kann sich mit unserem Hauswart (s. Adressen) in Verbindung setzten. Kosten: zur Zeit Fr. 220.-.<\/p>\n\n\n\n<h3 class=\"wp-block-heading\"><strong>Chalet schliessen<\/strong><\/h3>\n\n\n\n<p>Bitte alle Fensterl\u00e4den schliessen. Vom Balkon alle Kissen und St\u00fchle im Wohnzimmer deponieren. Die Tische auf dem Balkon aufklappen und so hinstellen, dass sie von Regen, Schnee und Vogelkot gesch\u00fctzt sind. Die \u00d6llampe, welche vor der Haust\u00fcre steht auf die Ablage beim WC legen. Alle Zimmert\u00fcren etwas offen lassen,&nbsp;<strong>alle Radiatoren auf 3 stellen<\/strong>.<\/p>\n\n\n\n<h3 class=\"wp-block-heading\"><strong>Miete<\/strong><\/h3>\n\n\n\n<p>Miete bitte mittels Einzahlungsscheines oder e-Banking einzahlen und an Krista Kappeler (s. Adressen) eine Abrechnung senden.<\/p>\n\n\n\n<h3 class=\"wp-block-heading\"><strong>Bei Feuer<\/strong><\/h3>\n\n\n\n<p>Eine Branddecke liegt in der Stube beim Sims neben dem Chemin\u00e9e und eine im oberen Stock beim Feuerl\u00f6scher. Je ein kleiner Brandmeister (Feuerspray) ist nebenan. Im Heinzungsraum befindet sich ein Schlauch mit Wasseranschluss.<\/p>\n\n\n\n<h3 class=\"wp-block-heading has-text-color has-link-color wp-elements-0356f76b495f1cd39c6a0f15e929d198\" style=\"color:#f70000\"><strong>Achtung Dachlawinen<\/strong><\/h3>\n\n\n\n<p>Liegt Schnee auf dem nach S\u00fcden ausgerichteten Dach,&nbsp;<strong>die Abschrankung nicht \u00fcberschreiten!<\/strong>&nbsp;Der Schnee rutscht unberechenbar vom Dach ab.<\/p>\n","protected":false},"excerpt":{"rendered":"<p>Hinweise zur Ben\u00fctzung des Chalet Moming Zimmer Schlafzimmer Links: 1 Doppelbett, 2 PersonenSchlafzimmer Mitte: 1 Etagenbett, 2 Einzelbetten, 4 PersonenSchlafzimmer G\u00e4ste: 1 Doppelbett, 2 PersonenSchhafzimmer Schweizerst\u00fcbli: 1 Etagenbett, 2 PersonenSchlafzimmer Keller: 2 Etagenbetten, 1 Einzelbett, 5 Personen Heizung Die Heizung wird via App von Kathrin Kappeler oder Marcel Hofer aufgeschaltet und wieder abgeschaltet. Bitte die [&hellip;]<\/p>\n","protected":false},"author":1,"featured_media":0,"parent":0,"menu_order":21,"comment_status":"closed","ping_status":"closed","template":"","meta":{"ngg_post_thumbnail":0,"footnotes":""},"class_list":["post-14","page","type-page","status-publish","hentry"],"_links":{"self":[{"href":"https:\/\/moming.familiehofer.ch\/index.php?rest_route=\/wp\/v2\/pages\/14","targetHints":{"allow":["GET"]}}],"collection":[{"href":"https:\/\/moming.familiehofer.ch\/index.php?rest_route=\/wp\/v2\/pages"}],"about":[{"href":"https:\/\/moming.familiehofer.ch\/index.php?rest_route=\/wp\/v2\/types\/page"}],"author":[{"embeddable":true,"href":"https:\/\/moming.familiehofer.ch\/index.php?rest_route=\/wp\/v2\/users\/1"}],"replies":[{"embeddable":true,"href":"https:\/\/moming.familiehofer.ch\/index.php?rest_route=%2Fwp%2Fv2%2Fcomments&post=14"}],"version-history":[{"count":5,"href":"https:\/\/moming.familiehofer.ch\/index.php?rest_route=\/wp\/v2\/pages\/14\/revisions"}],"predecessor-version":[{"id":112,"href":"https:\/\/moming.familiehofer.ch\/index.php?rest_route=\/wp\/v2\/pages\/14\/revisions\/112"}],"wp:attachment":[{"href":"https:\/\/moming.familiehofer.ch\/index.php?rest_route=%2Fwp%2Fv2%2Fmedia&parent=14"}],"curies":[{"name":"wp","href":"https:\/\/api.w.org\/{rel}","templated":true}]}}