{"id":16,"date":"2025-09-10T09:46:30","date_gmt":"2025-09-10T09:46:30","guid":{"rendered":"https:\/\/moming.familiehofer.ch\/?page_id=16"},"modified":"2025-10-05T13:44:19","modified_gmt":"2025-10-05T13:44:19","slug":"coucou","status":"publish","type":"page","link":"https:\/\/moming.familiehofer.ch\/?page_id=16","title":{"rendered":"Coucou"},"content":{"rendered":"\n<h3 class=\"wp-block-heading\"><strong>Hinweise zur Ben\u00fctzung des Coucou<\/strong><\/h3>\n\n\n\n<p>Im Coucou haben 4 Personen Platz. Es gibt ein Doppelbett und ein Etagenbett.<\/p>\n\n\n\n<h3 class=\"wp-block-heading\"><strong>Heizung<\/strong><\/h3>\n\n\n\n<p>Der Coucou hat eine Elektroheizung. Im Winter d\u00fcrfen die Radiatoren\u00a0<strong>nicht<\/strong>\u00a0abgestellt werden. Sollte es einmal zu kalt sein, ist ein Warml\u00fcfter vorhanden.<\/p>\n\n\n\n<h3 class=\"wp-block-heading\"><strong>Warmwasser<\/strong><\/h3>\n\n\n\n<p>Oberhalb des Kochherdes ist ein Schalter. Dieser muss auf 1 gestellt sein, damit der Boiler eingeschaltet ist.<\/p>\n\n\n\n<h3 class=\"wp-block-heading\"><strong>Heizstrahler<\/strong><\/h3>\n\n\n\n<p>Im Badezimmer ist ein Strahler angebracht. Dieser kann zum Duschen angestellt werden.&nbsp;<strong>Wichtig<\/strong>: Nicht vergessen ihn wieder abzustellen,&nbsp;<strong>Brandgefahr<\/strong><\/p>\n\n\n\n<h3 class=\"wp-block-heading\"><strong>Vorr\u00e4te<\/strong><\/h3>\n\n\n\n<p>im Coucou gibt es einige wenige Vorr\u00e4te: Salz, Zucker, Mehl, Essig und einige Teebeutel. Bitte diese zuerst gebrauchen und wenn n\u00f6tig ersetzen. Es hat eine Nespressomaschine.<\/p>\n\n\n\n<h3 class=\"wp-block-heading\"><strong><strong>Verg\u00fcnstigungen mit dem \u201ePass Anniviers Libert\u00e9\u201c<\/strong><\/strong><\/h3>\n\n\n\n<p>W\u00e4hrend der Sommersaison verf\u00fcgen wir \u00fcber 8 \u201ePass Anniviers Libert\u00e9\u201c, die befinden sich in der \u201eHausbar\u201c im Chalet Moming. Damit bestehen viele Verg\u00fcnstigungen f\u00fcr Postauto und Bergbahnen im ganzen Val d\u2019Anniviers. Bitte die Karten nach Gebrauch wieder in die Hausbar zur\u00fccklegen f\u00fcr die n\u00e4chsten Besucher.<br>Die Karten werden aus den Kurtaxen finanziert, die wir pauschal mit der Gemeinde abrechnen.<\/p>\n\n\n\n<h3 class=\"wp-block-heading\"><strong>Rauchen<\/strong><\/h3>\n\n\n\n<p>Im Coucou darf nicht geraucht werden.<\/p>\n\n\n\n<h3 class=\"wp-block-heading\"><strong>M\u00e4usegift<\/strong><\/h3>\n\n\n\n<p>Da wir ab und zu M\u00e4usebesuch haben, legen wir M\u00e4usegift auf den Boden. Das Gift w\u00e4hrend dem Aufenthalt sicher verr\u00e4umen und am Schluss wieder hinlegen.<\/p>\n\n\n\n<h3 class=\"wp-block-heading\"><strong>WebSite<\/strong><\/h3>\n\n\n\n<p>Unsere Websiteadresse lautet:&nbsp;<a href=\"http:\/\/moming.familiehofer.ch\/\">moming.familiehofer.ch<\/a><\/p>\n\n\n\n<h3 class=\"wp-block-heading\"><strong>W\u00e4sche<\/strong><\/h3>\n\n\n\n<p>Im Chalet stehen Bettw\u00e4sche, Bade- und K\u00fcchent\u00fccher zur Verf\u00fcgung. Im Chalet Moming gibt es eine Waschmaschine. Wenn viel W\u00e4sche ist, diese waschen und in der Waschk\u00fcche aufh\u00e4ngen und T\u00fcre offen lassen. Bei wenig W\u00e4sche, diese in den Plastikkorb legen.<\/p>\n\n\n\n<h3 class=\"wp-block-heading\"><strong>Schlussreinigung<\/strong><\/h3>\n\n\n\n<p>Bitte das CouCou gereinigt hinterlassen. (Staubsauger vorhanden) K\u00fchlschrank reinigen, abstellen und etwas&nbsp;<strong>ge\u00f6ffnet<\/strong>&nbsp;lassen. Alle Fensterl\u00e4den schliessen. Im Winter Radiatoren auf * stellen.<br><strong>Warmwasserschalter oberhalb Kochherd auf 0 stellen.<\/strong><br>Wer nicht selber reinigen will, kann sich mit unserem Hauswart in Verbindung setzten. Kosten: zur Zeit Fr. 90.- f\u00fcr CouCou.<\/p>\n\n\n\n<h3 class=\"wp-block-heading\"><strong>Miete<\/strong><\/h3>\n\n\n\n<p>Miete bitte mittels Einzahlungsschein oder e-banking einzahlen und an Krista Kappeler eine Abrechnung senden. Auf der Seite Tarife ist ein Einzahlungsschein hinterlegt.<\/p>\n","protected":false},"excerpt":{"rendered":"<p>Hinweise zur Ben\u00fctzung des Coucou Im Coucou haben 4 Personen Platz. Es gibt ein Doppelbett und ein Etagenbett. Heizung Der Coucou hat eine Elektroheizung. Im Winter d\u00fcrfen die Radiatoren\u00a0nicht\u00a0abgestellt werden. Sollte es einmal zu kalt sein, ist ein Warml\u00fcfter vorhanden. Warmwasser Oberhalb des Kochherdes ist ein Schalter. Dieser muss auf 1 gestellt sein, damit der [&hellip;]<\/p>\n","protected":false},"author":1,"featured_media":0,"parent":0,"menu_order":31,"comment_status":"closed","ping_status":"closed","template":"","meta":{"ngg_post_thumbnail":0,"footnotes":""},"class_list":["post-16","page","type-page","status-publish","hentry"],"_links":{"self":[{"href":"https:\/\/moming.familiehofer.ch\/index.php?rest_route=\/wp\/v2\/pages\/16","targetHints":{"allow":["GET"]}}],"collection":[{"href":"https:\/\/moming.familiehofer.ch\/index.php?rest_route=\/wp\/v2\/pages"}],"about":[{"href":"https:\/\/moming.familiehofer.ch\/index.php?rest_route=\/wp\/v2\/types\/page"}],"author":[{"embeddable":true,"href":"https:\/\/moming.familiehofer.ch\/index.php?rest_route=\/wp\/v2\/users\/1"}],"replies":[{"embeddable":true,"href":"https:\/\/moming.familiehofer.ch\/index.php?rest_route=%2Fwp%2Fv2%2Fcomments&post=16"}],"version-history":[{"count":5,"href":"https:\/\/moming.familiehofer.ch\/index.php?rest_route=\/wp\/v2\/pages\/16\/revisions"}],"predecessor-version":[{"id":109,"href":"https:\/\/moming.familiehofer.ch\/index.php?rest_route=\/wp\/v2\/pages\/16\/revisions\/109"}],"wp:attachment":[{"href":"https:\/\/moming.familiehofer.ch\/index.php?rest_route=%2Fwp%2Fv2%2Fmedia&parent=16"}],"curies":[{"name":"wp","href":"https:\/\/api.w.org\/{rel}","templated":true}]}}